{"id":125,"date":"2023-12-08T12:20:39","date_gmt":"2023-12-08T11:20:39","guid":{"rendered":"https:\/\/www.fancybynature.com\/?page_id=125"},"modified":"2024-03-21T15:05:38","modified_gmt":"2024-03-21T14:05:38","slug":"we-are-fancy","status":"publish","type":"page","link":"https:\/\/www.fancybynature.com\/en\/we-are-fancy\/","title":{"rendered":"WE ARE FANCY"},"content":{"rendered":"<h2 class=\"wp-block-heading d-inline bg-info pt-2 pb-1 px-2 text-primary lineheight-1\">WE ARE<\/h2>\n\n\n\n<div class=\"wp-block-group d-block fancy-rotate bg-danger py-1 px-2 is-nowrap is-layout-flex wp-container-core-group-is-layout-ad2f72ca wp-block-group-is-layout-flex\">\n<figure class=\"wp-block-image size-full\"><img loading=\"lazy\" decoding=\"async\" width=\"300\" height=\"90\" src=\"https:\/\/www.fancybynature.com\/wp-content\/uploads\/2023\/12\/fancy_logo_yellow.png\" alt=\"\" class=\"wp-image-128\"\/><\/figure>\n<\/div>\n\n\n\n<figure class=\"wp-block-image size-full position-absolute  end-0 dr-right ps-4\"><img loading=\"lazy\" decoding=\"async\" width=\"399\" height=\"457\" src=\"https:\/\/www.fancybynature.com\/wp-content\/uploads\/2023\/12\/doctor-fancy-right.png\" alt=\"\" class=\"wp-image-129\" srcset=\"https:\/\/www.fancybynature.com\/wp-content\/uploads\/2023\/12\/doctor-fancy-right.png 399w, https:\/\/www.fancybynature.com\/wp-content\/uploads\/2023\/12\/doctor-fancy-right-350x401.png 350w, https:\/\/www.fancybynature.com\/wp-content\/uploads\/2023\/12\/doctor-fancy-right-262x300.png 262w\" sizes=\"auto, (max-width: 399px) 100vw, 399px\" \/><\/figure>\n\n\n\n<div style=\"height:100px\" aria-hidden=\"true\" class=\"wp-block-spacer max-mobile-50\"><\/div>\n\n\n\n<h2 class=\"wp-block-heading has-text-align-center text-danger text-center display-3 mb-4\" style=\"font-style:normal;font-weight:900\">BRANDS ARE <br>OUR BUSINESS<\/h2>\n\n\n\n<div class=\"wp-block-group d-flex-column container mx-auto position-relative fancy-text is-vertical is-layout-flex wp-container-core-group-is-layout-8cf370e7 wp-block-group-is-layout-flex\"><div class=\"wp-block-image mb-4 mx-auto mobile-order-3\">\n<figure class=\"aligncenter size-large\"><img loading=\"lazy\" decoding=\"async\" width=\"1024\" height=\"682\" src=\"https:\/\/www.fancybynature.com\/wp-content\/uploads\/2024\/03\/Robert_Website@2x-1024x682.jpg\" alt=\"\" class=\"wp-image-239\" srcset=\"https:\/\/www.fancybynature.com\/wp-content\/uploads\/2024\/03\/Robert_Website@2x-1024x682.jpg 1024w, https:\/\/www.fancybynature.com\/wp-content\/uploads\/2024\/03\/Robert_Website@2x-350x233.jpg 350w, https:\/\/www.fancybynature.com\/wp-content\/uploads\/2024\/03\/Robert_Website@2x-600x400.jpg 600w, https:\/\/www.fancybynature.com\/wp-content\/uploads\/2024\/03\/Robert_Website@2x-300x200.jpg 300w, https:\/\/www.fancybynature.com\/wp-content\/uploads\/2024\/03\/Robert_Website@2x-768x512.jpg 768w, https:\/\/www.fancybynature.com\/wp-content\/uploads\/2024\/03\/Robert_Website@2x-1536x1024.jpg 1536w, https:\/\/www.fancybynature.com\/wp-content\/uploads\/2024\/03\/Robert_Website@2x-2048x1365.jpg 2048w\" sizes=\"auto, (max-width: 1024px) 100vw, 1024px\" \/><\/figure>\n<\/div>\n\n\n<p class=\"has-text-align-center mb-4 text-center mx-auto mobile-order-1\"><br>Brand founder Robert M\u00f6rth, as the founder of an advertising agency, has been helping brands gain more character and visibility in the market for over 20 years.<\/p>\n\n\n\n<p class=\"has-text-align-center mb-4 text-center mx-auto mobile-order-2\">However, the call for his own brand grew louder over the years.<\/p>\n\n\n\n<p class=\"has-text-align-center mb-4 text-center mx-auto mobile-order-4\"><strong>It had to be unique, visionary, sustainable, and meaningful.<\/strong><\/p>\n\n\n\n<p class=\"has-text-align-center mb-4 text-center mx-auto mobile-order-5\">But as we know, good ideas don\u2019t fall from the sky. Sometimes, you find them at the other end of the world. In our case, in Vietnam.<\/p>\n<\/div>\n\n\n\n<div class=\"wp-block-group position-relative mb-4 breakout is-vertical is-layout-flex wp-container-core-group-is-layout-8cf370e7 wp-block-group-is-layout-flex\">\n<div style=\"height:0px\" aria-hidden=\"true\" class=\"wp-block-spacer wp-container-content-f8620d49\"><\/div>\n\n\n\n<figure class=\"wp-block-image size-full position-absolute  start-0 bottom-0 fruit-left pe-4\"><img loading=\"lazy\" decoding=\"async\" width=\"1002\" height=\"241\" src=\"https:\/\/www.fancybynature.com\/wp-content\/uploads\/2023\/12\/fruit-left.png\" alt=\"\" class=\"wp-image-130\" srcset=\"https:\/\/www.fancybynature.com\/wp-content\/uploads\/2023\/12\/fruit-left.png 1002w, https:\/\/www.fancybynature.com\/wp-content\/uploads\/2023\/12\/fruit-left-350x84.png 350w, https:\/\/www.fancybynature.com\/wp-content\/uploads\/2023\/12\/fruit-left-600x144.png 600w, https:\/\/www.fancybynature.com\/wp-content\/uploads\/2023\/12\/fruit-left-300x72.png 300w, https:\/\/www.fancybynature.com\/wp-content\/uploads\/2023\/12\/fruit-left-768x185.png 768w\" sizes=\"auto, (max-width: 1002px) 100vw, 1002px\" \/><\/figure>\n<\/div>\n\n\n\n<div class=\"wp-block-group container mx-auto fancy-text is-vertical is-layout-flex wp-container-core-group-is-layout-8cf370e7 wp-block-group-is-layout-flex\">\n<h2 class=\"wp-block-heading has-text-align-center text-danger d-block display-3 mx-auto text-center mb-4\" style=\"font-style:normal;font-weight:900\">EASTERN WISDOM<br>FOR WESTERN WORLD<\/h2>\n\n\n\n<p class=\"has-text-align-center mb-4 text-center mx-auto\">Fascinated by the extraordinary taste and appearance of fermented black fruits \u2013 made using an ancient tradition \u2013 and thrilled by their health benefits, the idea to bring this product to the Western world grew. <strong>A food trend was born. <\/strong><\/p>\n\n\n\n<p class=\"has-text-align-center mb-4 text-center mx-auto\">And since we care about our ecological footprint, we quickly decided to set up our own production in Austria and fully explore the variety of local fruits. <br><strong>YUMMY! <\/strong><\/p>\n\n\n\n<p class=\"has-text-align-center mb-4 text-center mx-auto\">Since 2023, we have been pioneers in familiarizing local palates and eyes with the <strong>extraordinary appearance and unique taste<\/strong> of our fancy fruits. Sometimes, it\u2019s love at second bite.<\/p>\n\n\n\n<p class=\"has-text-align-center my-4 text-center mx-auto\">But as the saying goes: Only fools rush in.<\/p>\n<\/div>\n\n\n\n<div class=\"wp-block-columns fancy-text is-layout-flex wp-container-core-columns-is-layout-9d6595d7 wp-block-columns-is-layout-flex\">\n<div class=\"wp-block-column text-center is-layout-flow wp-block-column-is-layout-flow\">\n<p class=\"has-text-align-center lineheight-1 text-primary d-inline-block text-center fw-bold px-2 pt-2 pb-1 bg-green mx-auto fancy-text mb-4\">#loveatsecondbite<\/p>\n<\/div>\n<\/div>","protected":false},"excerpt":{"rendered":"<p>WE ARE BRANDS ARE OUR BUSINESS Markengr\u00fcnder Robert M\u00f6rth verhilft, als Gr\u00fcnder einer Werbeagentur, Marken seit \u00fcber 20 Jahren zu mehr Charakter und Sichtbarkeit am Markt. Immer lauter wurde mit den Jahren jedoch der Ruf nach einer eigenen Brand. Einzigartig, vision\u00e4r, nachhaltig und sinnstiftend sollte sie sein. Gute Ideen fallen jedoch bekanntlich nicht vom Himmel. [&hellip;]<\/p>\n","protected":false},"author":2,"featured_media":0,"parent":0,"menu_order":0,"comment_status":"closed","ping_status":"closed","template":"","meta":{"footnotes":""},"class_list":["post-125","page","type-page","status-publish","hentry"],"yoast_head":"<!-- This site is optimized with the Yoast SEO plugin v27.3 - https:\/\/yoast.com\/product\/yoast-seo-wordpress\/ -->\n<title>WE ARE FANCY - Fancy By Nature - 1st Fermented Fruit Snack<\/title>\n<meta name=\"description\" content=\"Hinter der Marke Fancy by Nature steht ein \u00f6sterreichisches Startup: Die Feel Forever Young GmbH steht f\u00fcr nachhaltige Produkte, die zum Erhalt der Gesundheit beitragen.\" \/>\n<meta name=\"robots\" content=\"index, follow, max-snippet:-1, max-image-preview:large, max-video-preview:-1\" \/>\n<link rel=\"canonical\" href=\"https:\/\/www.fancybynature.com\/en\/we-are-fancy\/\" \/>\n<meta property=\"og:locale\" content=\"en_US\" \/>\n<meta property=\"og:type\" content=\"article\" \/>\n<meta property=\"og:title\" content=\"WE ARE FANCY - Fancy By Nature - 1st Fermented Fruit Snack\" \/>\n<meta property=\"og:description\" content=\"Hinter der Marke Fancy by Nature steht ein \u00f6sterreichisches Startup: Die Feel Forever Young GmbH steht f\u00fcr nachhaltige Produkte, die zum Erhalt der Gesundheit beitragen.\" \/>\n<meta property=\"og:url\" content=\"https:\/\/www.fancybynature.com\/en\/we-are-fancy\/\" \/>\n<meta property=\"og:site_name\" content=\"Fancy By Nature - 1st Fermented Fruit Snack\" \/>\n<meta property=\"article:modified_time\" content=\"2024-03-21T14:05:38+00:00\" \/>\n<meta property=\"og:image\" content=\"https:\/\/www.fancybynature.com\/wp-content\/uploads\/2023\/12\/fancy_logo_yellow.png\" \/>\n<meta name=\"twitter:card\" content=\"summary_large_image\" \/>\n<meta name=\"twitter:label1\" content=\"Est. reading time\" \/>\n\t<meta name=\"twitter:data1\" content=\"2 minutes\" \/>\n<script type=\"application\/ld+json\" class=\"yoast-schema-graph\">{\"@context\":\"https:\\\/\\\/schema.org\",\"@graph\":[{\"@type\":\"WebPage\",\"@id\":\"https:\\\/\\\/www.fancybynature.com\\\/we-are-fancy\\\/\",\"url\":\"https:\\\/\\\/www.fancybynature.com\\\/we-are-fancy\\\/\",\"name\":\"WE ARE FANCY - Fancy By Nature - 1st Fermented Fruit Snack\",\"isPartOf\":{\"@id\":\"https:\\\/\\\/www.fancybynature.com\\\/#website\"},\"primaryImageOfPage\":{\"@id\":\"https:\\\/\\\/www.fancybynature.com\\\/we-are-fancy\\\/#primaryimage\"},\"image\":{\"@id\":\"https:\\\/\\\/www.fancybynature.com\\\/we-are-fancy\\\/#primaryimage\"},\"thumbnailUrl\":\"https:\\\/\\\/www.fancybynature.com\\\/wp-content\\\/uploads\\\/2023\\\/12\\\/fancy_logo_yellow.png\",\"datePublished\":\"2023-12-08T11:20:39+00:00\",\"dateModified\":\"2024-03-21T14:05:38+00:00\",\"description\":\"Hinter der Marke Fancy by Nature steht ein \u00f6sterreichisches Startup: Die Feel Forever Young GmbH steht f\u00fcr nachhaltige Produkte, die zum Erhalt der Gesundheit beitragen.\",\"breadcrumb\":{\"@id\":\"https:\\\/\\\/www.fancybynature.com\\\/we-are-fancy\\\/#breadcrumb\"},\"inLanguage\":\"en-US\",\"potentialAction\":[{\"@type\":\"ReadAction\",\"target\":[\"https:\\\/\\\/www.fancybynature.com\\\/we-are-fancy\\\/\"]}]},{\"@type\":\"ImageObject\",\"inLanguage\":\"en-US\",\"@id\":\"https:\\\/\\\/www.fancybynature.com\\\/we-are-fancy\\\/#primaryimage\",\"url\":\"https:\\\/\\\/www.fancybynature.com\\\/wp-content\\\/uploads\\\/2023\\\/12\\\/fancy_logo_yellow.png\",\"contentUrl\":\"https:\\\/\\\/www.fancybynature.com\\\/wp-content\\\/uploads\\\/2023\\\/12\\\/fancy_logo_yellow.png\"},{\"@type\":\"BreadcrumbList\",\"@id\":\"https:\\\/\\\/www.fancybynature.com\\\/we-are-fancy\\\/#breadcrumb\",\"itemListElement\":[{\"@type\":\"ListItem\",\"position\":1,\"name\":\"Home\",\"item\":\"https:\\\/\\\/www.fancybynature.com\\\/\"},{\"@type\":\"ListItem\",\"position\":2,\"name\":\"WE ARE FANCY\"}]},{\"@type\":\"WebSite\",\"@id\":\"https:\\\/\\\/www.fancybynature.com\\\/#website\",\"url\":\"https:\\\/\\\/www.fancybynature.com\\\/\",\"name\":\"Fancy By Nature - 1st Fermented Fruit Snack\",\"description\":\"\",\"publisher\":{\"@id\":\"https:\\\/\\\/www.fancybynature.com\\\/#organization\"},\"potentialAction\":[{\"@type\":\"SearchAction\",\"target\":{\"@type\":\"EntryPoint\",\"urlTemplate\":\"https:\\\/\\\/www.fancybynature.com\\\/?s={search_term_string}\"},\"query-input\":{\"@type\":\"PropertyValueSpecification\",\"valueRequired\":true,\"valueName\":\"search_term_string\"}}],\"inLanguage\":\"en-US\"},{\"@type\":\"Organization\",\"@id\":\"https:\\\/\\\/www.fancybynature.com\\\/#organization\",\"name\":\"Fancy By Nature GmbH\",\"url\":\"https:\\\/\\\/www.fancybynature.com\\\/\",\"logo\":{\"@type\":\"ImageObject\",\"inLanguage\":\"en-US\",\"@id\":\"https:\\\/\\\/www.fancybynature.com\\\/#\\\/schema\\\/logo\\\/image\\\/\",\"url\":\"https:\\\/\\\/www.fancybynature.com\\\/wp-content\\\/uploads\\\/2024\\\/03\\\/logo-yellow-lg.png\",\"contentUrl\":\"https:\\\/\\\/www.fancybynature.com\\\/wp-content\\\/uploads\\\/2024\\\/03\\\/logo-yellow-lg.png\",\"width\":353,\"height\":188,\"caption\":\"Fancy By Nature GmbH\"},\"image\":{\"@id\":\"https:\\\/\\\/www.fancybynature.com\\\/#\\\/schema\\\/logo\\\/image\\\/\"}}]}<\/script>\n<!-- \/ Yoast SEO plugin. -->","yoast_head_json":{"title":"WE ARE FANCY - Fancy By Nature - 1st Fermented Fruit Snack","description":"Hinter der Marke Fancy by Nature steht ein \u00f6sterreichisches Startup: Die Feel Forever Young GmbH steht f\u00fcr nachhaltige Produkte, die zum Erhalt der Gesundheit beitragen.","robots":{"index":"index","follow":"follow","max-snippet":"max-snippet:-1","max-image-preview":"max-image-preview:large","max-video-preview":"max-video-preview:-1"},"canonical":"https:\/\/www.fancybynature.com\/en\/we-are-fancy\/","og_locale":"en_US","og_type":"article","og_title":"WE ARE FANCY - Fancy By Nature - 1st Fermented Fruit Snack","og_description":"Hinter der Marke Fancy by Nature steht ein \u00f6sterreichisches Startup: Die Feel Forever Young GmbH steht f\u00fcr nachhaltige Produkte, die zum Erhalt der Gesundheit beitragen.","og_url":"https:\/\/www.fancybynature.com\/en\/we-are-fancy\/","og_site_name":"Fancy By Nature - 1st Fermented Fruit Snack","article_modified_time":"2024-03-21T14:05:38+00:00","og_image":[{"url":"https:\/\/www.fancybynature.com\/wp-content\/uploads\/2023\/12\/fancy_logo_yellow.png","type":"","width":"","height":""}],"twitter_card":"summary_large_image","twitter_misc":{"Est. reading time":"2 minutes"},"schema":{"@context":"https:\/\/schema.org","@graph":[{"@type":"WebPage","@id":"https:\/\/www.fancybynature.com\/we-are-fancy\/","url":"https:\/\/www.fancybynature.com\/we-are-fancy\/","name":"WE ARE FANCY - Fancy By Nature - 1st Fermented Fruit Snack","isPartOf":{"@id":"https:\/\/www.fancybynature.com\/#website"},"primaryImageOfPage":{"@id":"https:\/\/www.fancybynature.com\/we-are-fancy\/#primaryimage"},"image":{"@id":"https:\/\/www.fancybynature.com\/we-are-fancy\/#primaryimage"},"thumbnailUrl":"https:\/\/www.fancybynature.com\/wp-content\/uploads\/2023\/12\/fancy_logo_yellow.png","datePublished":"2023-12-08T11:20:39+00:00","dateModified":"2024-03-21T14:05:38+00:00","description":"Hinter der Marke Fancy by Nature steht ein \u00f6sterreichisches Startup: Die Feel Forever Young GmbH steht f\u00fcr nachhaltige Produkte, die zum Erhalt der Gesundheit beitragen.","breadcrumb":{"@id":"https:\/\/www.fancybynature.com\/we-are-fancy\/#breadcrumb"},"inLanguage":"en-US","potentialAction":[{"@type":"ReadAction","target":["https:\/\/www.fancybynature.com\/we-are-fancy\/"]}]},{"@type":"ImageObject","inLanguage":"en-US","@id":"https:\/\/www.fancybynature.com\/we-are-fancy\/#primaryimage","url":"https:\/\/www.fancybynature.com\/wp-content\/uploads\/2023\/12\/fancy_logo_yellow.png","contentUrl":"https:\/\/www.fancybynature.com\/wp-content\/uploads\/2023\/12\/fancy_logo_yellow.png"},{"@type":"BreadcrumbList","@id":"https:\/\/www.fancybynature.com\/we-are-fancy\/#breadcrumb","itemListElement":[{"@type":"ListItem","position":1,"name":"Home","item":"https:\/\/www.fancybynature.com\/"},{"@type":"ListItem","position":2,"name":"WE ARE FANCY"}]},{"@type":"WebSite","@id":"https:\/\/www.fancybynature.com\/#website","url":"https:\/\/www.fancybynature.com\/","name":"Fancy By Nature - 1st Fermented Fruit Snack","description":"","publisher":{"@id":"https:\/\/www.fancybynature.com\/#organization"},"potentialAction":[{"@type":"SearchAction","target":{"@type":"EntryPoint","urlTemplate":"https:\/\/www.fancybynature.com\/?s={search_term_string}"},"query-input":{"@type":"PropertyValueSpecification","valueRequired":true,"valueName":"search_term_string"}}],"inLanguage":"en-US"},{"@type":"Organization","@id":"https:\/\/www.fancybynature.com\/#organization","name":"Fancy By Nature GmbH","url":"https:\/\/www.fancybynature.com\/","logo":{"@type":"ImageObject","inLanguage":"en-US","@id":"https:\/\/www.fancybynature.com\/#\/schema\/logo\/image\/","url":"https:\/\/www.fancybynature.com\/wp-content\/uploads\/2024\/03\/logo-yellow-lg.png","contentUrl":"https:\/\/www.fancybynature.com\/wp-content\/uploads\/2024\/03\/logo-yellow-lg.png","width":353,"height":188,"caption":"Fancy By Nature GmbH"},"image":{"@id":"https:\/\/www.fancybynature.com\/#\/schema\/logo\/image\/"}}]}},"_links":{"self":[{"href":"https:\/\/www.fancybynature.com\/en\/wp-json\/wp\/v2\/pages\/125","targetHints":{"allow":["GET"]}}],"collection":[{"href":"https:\/\/www.fancybynature.com\/en\/wp-json\/wp\/v2\/pages"}],"about":[{"href":"https:\/\/www.fancybynature.com\/en\/wp-json\/wp\/v2\/types\/page"}],"author":[{"embeddable":true,"href":"https:\/\/www.fancybynature.com\/en\/wp-json\/wp\/v2\/users\/2"}],"replies":[{"embeddable":true,"href":"https:\/\/www.fancybynature.com\/en\/wp-json\/wp\/v2\/comments?post=125"}],"version-history":[{"count":63,"href":"https:\/\/www.fancybynature.com\/en\/wp-json\/wp\/v2\/pages\/125\/revisions"}],"predecessor-version":[{"id":260,"href":"https:\/\/www.fancybynature.com\/en\/wp-json\/wp\/v2\/pages\/125\/revisions\/260"}],"wp:attachment":[{"href":"https:\/\/www.fancybynature.com\/en\/wp-json\/wp\/v2\/media?parent=125"}],"curies":[{"name":"wp","href":"https:\/\/api.w.org\/{rel}","templated":true}]}}