{"id":290,"date":"2024-04-08T12:14:05","date_gmt":"2024-04-08T11:14:05","guid":{"rendered":"https:\/\/www.fancybynature.com\/?page_id=290"},"modified":"2024-09-28T16:04:58","modified_gmt":"2024-09-28T15:04:58","slug":"widerrufsrecht","status":"publish","type":"page","link":"https:\/\/www.fancybynature.com\/en\/widerrufsrecht\/","title":{"rendered":"Revocation right"},"content":{"rendered":"<h6 class=\"wp-block-heading  text-danger font-weight-bold text-uppercase\">Revocation right for consumers<\/h6>\n\n\n\n<p>(A \u2018consumer\u2019 is any natural person who concludes a legal transaction which, to an overwhelming extent, cannot be attributed to either his\ncommercial or independent professional activities.)<br><\/p>\n\n\n\n<p><strong>Instructions for revocation<\/strong><\/p>\n\n\n\n<p><strong>Revocation right<\/strong><br>You have the right to revoke this contract within 14 days without specifying any reasons.\nThe revocation period is 14 days with effect from the day,<\/p>\n\n\n\n<p>- on which you or a third party nominated by you, which is not the carrier, had taken possession of the products, provided you had ordered\none or more products within the scope of a standard order and this\/these product\/products is\/are delivered uniformly;<\/p>\n\n\n\n<p>- on which you or a third party nominated by you, which is not the carrier, had taken possession of the last product, provided you had ordered\nseveral products within the scope of a standard order and these products are delivered separately;<\/p>\n\n\n\n<p>- on which you or a third party nominated by you, which is not the carrier, had taken possession of the last part delivery or the last unit,\nprovided you had ordered a product, which is delivered in several part deliveries or units;<\/p>\n\n\n\n<p>To exercise your right of withdrawal, you must inform us <strong>(Feel Forever Young GmbH, Lilienpark 2, 8072 Fernitz bei Graz, Telephone\nnumber: 00435096691000, E-Mail address: hello@fancybynature.com)<\/strong> by means of a clear declaration (e.g. a letter sent by post, or an e-\nmail) of your decision to withdraw from this contract. You can use the attached model withdrawal form for this purpose, which is, however, not\nmandatory.<\/p>\n\n\n\n<p>In order to safeguard the revocation period, it is sufficient that you send the notification about the exercise of the revocation right before the\nexpiry of the revocation period.<\/p>\n\n\n\n<p><br><strong>Consequences of the revocation<\/strong><\/p>\n\n\n\n<p>If you revoke this contract, we shall repay all the payments, which we received from you, including the delivery costs (with the exception of\nadditional costs, which arise from that fact that you selected a form of delivery other than the most reasonable standard delivery offered by us),<br>\nimmediately and at the latest within 14 days from the day on which we received the notification about the revocation of this contract from you.<br>\nWe use the same means of payment, which you had originally used during the original transaction, for this repayment unless expressly agreed<br>\notherwise with you; you will not be charged any fees owing to this repayment.<\/p>\n\n\n\n<p>We can refuse the repayment until the products are returned to us or until you have furnished evidence that you have sent the products back\nto us, depending on whichever is earlier. <\/p>\n\n\n\n<p>You must return or transfer the products to us immediately and, in any case, at the latest within 14 days with effect from the day on which you\ninform us of the revocation of this contract. The deadline is maintained if you send the products before the expiry of the 14 day deadline.<\/p>\n\n\n\n<p>You bear the direct costs for returning the products. <\/p>\n\n\n\n<p>You must pay for any depreciation of the products only if this depreciation can be attributed to any handling with you that was not necessary\nfor checking the condition, features and functionality of the products.<\/p>\n\n\n\n<p><strong>Criteria for exclusion or expiry<\/strong><\/p>\n\n\n\n<p>The revocation right is not available for contracts<\/p>\n\n\n\n<p>\u2013 for delivery of products, which are not prefabricated and for whose manufacturing an individual selection or stipulation by the consumer\nis important or which are clearly tailored to the personal requirements of the consumer;<\/p>\n\n\n\n<p>\u2013 for delivery of products, which can spoil quickly or whose use-by date would be exceeded quickly;<br>- for delivery of alcoholic drinks, whose price was agreed at the time of concluding the contract, which however can be delivered 30 days\nafter the conclusion of the contract at the earliest and whose current value depends on the fluctuations in the market, on which the\nentrepreneur has no influence;<br>\u2013 for delivery of newspapers, periodicals or magazines with the exception of subscription contracts.<\/p>\n\n\n\n<p>The revocation right expires prematurely in case of contracts<\/p>\n\n\n\n<p>\u2013 for delivery of sealed products, which are not suitable for return for reasons of health protection or hygiene if their seal has been\nremoved after the delivery;<br>\u2013 for delivery of products if they have been mixed inseparably with other goods after the delivery, owing to their condition;<br>\u2013 for delivery of sound or video recording or computer software in a sealed package if the seal has been removed after the delivery.<\/p>\n\n\n\n<p class=\"text-danger text-uppercase\"><strong>Cancellation form<\/strong><\/p>\n\n\n\n<p>(If you want to cancel the contract, please fill out this form and send it back.)<\/p>\n\n\n\n<p>To Feel Forever Young GmbH, Alte Poststra\u00dfe 376, 8055 Graz, Email address: hello@fancybynature.com :<\/p>\n\n\n\n<div class=\"wpcf7 no-js\" id=\"wpcf7-f360-o1\" lang=\"en-US\" dir=\"ltr\" data-wpcf7-id=\"360\">\n<div class=\"screen-reader-response\"><p role=\"status\" aria-live=\"polite\" aria-atomic=\"true\"><\/p> <ul><\/ul><\/div>\n<form action=\"\/en\/wp-json\/wp\/v2\/pages\/290#wpcf7-f360-o1\" method=\"post\" class=\"wpcf7-form init\" aria-label=\"Contact form\" novalidate=\"novalidate\" data-status=\"init\" data-trp-original-action=\"\/en\/wp-json\/wp\/v2\/pages\/290#wpcf7-f360-o1\">\n<fieldset class=\"hidden-fields-container\"><input type=\"hidden\" name=\"_wpcf7\" value=\"360\" \/><input type=\"hidden\" name=\"_wpcf7_version\" value=\"6.1.5\" \/><input type=\"hidden\" name=\"_wpcf7_locale\" value=\"en_US\" \/><input type=\"hidden\" name=\"_wpcf7_unit_tag\" value=\"wpcf7-f360-o1\" \/><input type=\"hidden\" name=\"_wpcf7_container_post\" value=\"0\" \/><input type=\"hidden\" name=\"_wpcf7_posted_data_hash\" value=\"\" \/>\n<\/fieldset>\n<p><span class=\"wpcf7-form-control-wrap\" data-name=\"declaration\"><textarea cols=\"40\" rows=\"10\" maxlength=\"2000\" class=\"wpcf7-form-control wpcf7-textarea wpcf7-validates-as-required w-text-area border-0 border-bottom border-dark bg-primary w-100\" aria-required=\"true\" aria-invalid=\"false\" name=\"declaration\">Hiermit widerrufe(n) ich\/wir* den von mir\/uns* abgeschlossenen Vertrag u\u0308ber den Kauf der folgenden Waren*\/die Erbringung der folgenden Dienstleistung*:<\/textarea><\/span><br \/>\n<label>Ordered on*\/received on* <span class=\"wpcf7-form-control-wrap\" data-name=\"dates\"><input size=\"40\" maxlength=\"400\" class=\"wpcf7-form-control wpcf7-text wpcf7-validates-as-required border-0 border-dark border-bottom bg-primary flex-grow\" autocomplete=\"name\" aria-required=\"true\" aria-invalid=\"false\" value=\"\" type=\"text\" name=\"dates\" \/><\/span> <\/label><br \/>\n<label>Name of consumer(s) <span class=\"wpcf7-form-control-wrap\" data-name=\"your-name\"><input size=\"40\" maxlength=\"400\" class=\"wpcf7-form-control wpcf7-text border-0 border-dark border-bottom bg-primary flex-grow\" autocomplete=\"name\" aria-invalid=\"false\" value=\"\" type=\"text\" name=\"your-name\" \/><\/span> <\/label><br \/>\n<label>Address of the consumer(s) <span class=\"wpcf7-form-control-wrap\" data-name=\"anschrift\"><input size=\"40\" maxlength=\"400\" class=\"wpcf7-form-control wpcf7-text border-0 border-dark border-bottom bg-primary flex-grow\" aria-invalid=\"false\" value=\"\" type=\"text\" name=\"anschrift\" \/><\/span> <\/label><br \/>\n<label>Email Address* <span class=\"wpcf7-form-control-wrap\" data-name=\"your-email\"><input size=\"40\" maxlength=\"400\" class=\"wpcf7-form-control wpcf7-email wpcf7-validates-as-required wpcf7-text wpcf7-validates-as-email border-0 border-dark border-bottom bg-primary flex-grow\" autocomplete=\"email\" aria-required=\"true\" aria-invalid=\"false\" value=\"\" type=\"email\" name=\"your-email\" \/><\/span> <\/label><br \/>\n<label><br \/>\n<div class=\"dscf7_signature\">\n\t\t\t<div class=\"dscf7_signature_inner\">\n\t\t\t\t<canvas id=\"digital_signature-pad_signature-722\" name=\"signature-722\" class=\"digital_signature-pad\" color=\"#000000\" backcolor=\"transparent\" width=\"300\" height=\"150\"><\/canvas>\n\t\t\t\t<input class=\"clearButton\" type=\"button\" value=\"+\">\n\t\t\t<\/div>\n\t\t\t<span class=\"wpcf7-form-control-wrap signature-722\">\n\t\t\t\t<input class=\"wpcf7-form-control wpcf7-signature wpcf7-validates-as-requiredwpcf7-validates-as-signature border-0 bg-primary border-dark border-bottom w-100 w-signaturedscf7-signature\" value=\"\" type=\"hidden\" name=\"signature-722\"\/>\n\t\t\t\t<input type=\"hidden\" name=\"signature-722-attachment\" class=\"wpcf7_input_signature-722_attachment\"\/>\n\t\t\t\t<input type=\"hidden\" name=\"signature-722-inline\" class=\"wpcf7_input_signature-722_inline\"\/>\n\t\t\t<\/span>\n\t\t<\/div><br \/>\nSignature of the consumer(s)*<br \/>\n<\/label><br \/>\n<input class=\"wpcf7-form-control wpcf7-submit has-spinner\" type=\"submit\" value=\"Revoke now\" \/>\n<\/p>\n<p>* Delete as appropriate.\n<\/p><div class=\"wpcf7-response-output\" aria-hidden=\"true\"><\/div>\n<input type=\"hidden\" name=\"trp-form-language\" value=\"en\"\/><\/form>\n<\/div>\n\n\n\n\n<p><a href=\"https:\/\/www.it-recht-kanzlei.de\/\" target=\"_blank\" rel=\"noreferrer noopener\"><\/a><\/p>","protected":false},"excerpt":{"rendered":"<p>Widerrufsrecht f\u00fcr Verbraucher (Verbraucher ist jede nat\u00fcrliche Person, die ein Rechtsgesch\u00e4ft zu Zwecken abschlie\u00dft, die \u00fcberwiegend weder ihrer gewerblichen noch ihrer selbstst\u00e4ndigen beruflichen T\u00e4tigkeit zugerechnet werden k\u00f6nnen.) Widerrufsbelehrung WiderrufsrechtSie haben das Recht, binnen 14 Tagen ohne Angabe von Gr\u00fcnden diesen Vertrag zu widerrufen. Die Widerrufsfrist betr\u00e4gt 14 Tage ab dem Tag, &#8211; an dem Sie [&hellip;]<\/p>\n","protected":false},"author":2,"featured_media":0,"parent":0,"menu_order":0,"comment_status":"closed","ping_status":"closed","template":"page-templates\/page-legal.php","meta":{"footnotes":""},"class_list":["post-290","page","type-page","status-publish","hentry"],"yoast_head":"<!-- This site is optimized with the Yoast SEO plugin v27.3 - https:\/\/yoast.com\/product\/yoast-seo-wordpress\/ -->\n<title>Widerrufsrecht - Fancy By Nature - 1st Fermented Fruit Snack<\/title>\n<meta name=\"robots\" content=\"index, follow, max-snippet:-1, max-image-preview:large, max-video-preview:-1\" \/>\n<link rel=\"canonical\" href=\"https:\/\/www.fancybynature.com\/en\/widerrufsrecht\/\" \/>\n<meta property=\"og:locale\" content=\"en_US\" \/>\n<meta property=\"og:type\" content=\"article\" \/>\n<meta property=\"og:title\" content=\"Widerrufsrecht - Fancy By Nature - 1st Fermented Fruit Snack\" \/>\n<meta property=\"og:description\" content=\"Widerrufsrecht f\u00fcr Verbraucher (Verbraucher ist jede nat\u00fcrliche Person, die ein Rechtsgesch\u00e4ft zu Zwecken abschlie\u00dft, die \u00fcberwiegend weder ihrer gewerblichen noch ihrer selbstst\u00e4ndigen beruflichen T\u00e4tigkeit zugerechnet werden k\u00f6nnen.) Widerrufsbelehrung WiderrufsrechtSie haben das Recht, binnen 14 Tagen ohne Angabe von Gr\u00fcnden diesen Vertrag zu widerrufen. Die Widerrufsfrist betr\u00e4gt 14 Tage ab dem Tag, &#8211; an dem Sie [&hellip;]\" \/>\n<meta property=\"og:url\" content=\"https:\/\/www.fancybynature.com\/en\/widerrufsrecht\/\" \/>\n<meta property=\"og:site_name\" content=\"Fancy By Nature - 1st Fermented Fruit Snack\" \/>\n<meta property=\"article:modified_time\" content=\"2024-09-28T15:04:58+00:00\" \/>\n<meta name=\"twitter:card\" content=\"summary_large_image\" \/>\n<meta name=\"twitter:label1\" content=\"Est. reading time\" \/>\n\t<meta name=\"twitter:data1\" content=\"4 minutes\" \/>\n<script type=\"application\/ld+json\" class=\"yoast-schema-graph\">{\"@context\":\"https:\\\/\\\/schema.org\",\"@graph\":[{\"@type\":\"WebPage\",\"@id\":\"https:\\\/\\\/www.fancybynature.com\\\/widerrufsrecht\\\/\",\"url\":\"https:\\\/\\\/www.fancybynature.com\\\/widerrufsrecht\\\/\",\"name\":\"Widerrufsrecht - Fancy By Nature - 1st Fermented Fruit Snack\",\"isPartOf\":{\"@id\":\"https:\\\/\\\/www.fancybynature.com\\\/#website\"},\"datePublished\":\"2024-04-08T11:14:05+00:00\",\"dateModified\":\"2024-09-28T15:04:58+00:00\",\"breadcrumb\":{\"@id\":\"https:\\\/\\\/www.fancybynature.com\\\/widerrufsrecht\\\/#breadcrumb\"},\"inLanguage\":\"en-US\",\"potentialAction\":[{\"@type\":\"ReadAction\",\"target\":[\"https:\\\/\\\/www.fancybynature.com\\\/widerrufsrecht\\\/\"]}]},{\"@type\":\"BreadcrumbList\",\"@id\":\"https:\\\/\\\/www.fancybynature.com\\\/widerrufsrecht\\\/#breadcrumb\",\"itemListElement\":[{\"@type\":\"ListItem\",\"position\":1,\"name\":\"Home\",\"item\":\"https:\\\/\\\/www.fancybynature.com\\\/\"},{\"@type\":\"ListItem\",\"position\":2,\"name\":\"Widerrufsrecht\"}]},{\"@type\":\"WebSite\",\"@id\":\"https:\\\/\\\/www.fancybynature.com\\\/#website\",\"url\":\"https:\\\/\\\/www.fancybynature.com\\\/\",\"name\":\"Fancy By Nature - 1st Fermented Fruit Snack\",\"description\":\"\",\"publisher\":{\"@id\":\"https:\\\/\\\/www.fancybynature.com\\\/#organization\"},\"potentialAction\":[{\"@type\":\"SearchAction\",\"target\":{\"@type\":\"EntryPoint\",\"urlTemplate\":\"https:\\\/\\\/www.fancybynature.com\\\/?s={search_term_string}\"},\"query-input\":{\"@type\":\"PropertyValueSpecification\",\"valueRequired\":true,\"valueName\":\"search_term_string\"}}],\"inLanguage\":\"en-US\"},{\"@type\":\"Organization\",\"@id\":\"https:\\\/\\\/www.fancybynature.com\\\/#organization\",\"name\":\"Fancy By Nature GmbH\",\"url\":\"https:\\\/\\\/www.fancybynature.com\\\/\",\"logo\":{\"@type\":\"ImageObject\",\"inLanguage\":\"en-US\",\"@id\":\"https:\\\/\\\/www.fancybynature.com\\\/#\\\/schema\\\/logo\\\/image\\\/\",\"url\":\"https:\\\/\\\/www.fancybynature.com\\\/wp-content\\\/uploads\\\/2024\\\/03\\\/logo-yellow-lg.png\",\"contentUrl\":\"https:\\\/\\\/www.fancybynature.com\\\/wp-content\\\/uploads\\\/2024\\\/03\\\/logo-yellow-lg.png\",\"width\":353,\"height\":188,\"caption\":\"Fancy By Nature GmbH\"},\"image\":{\"@id\":\"https:\\\/\\\/www.fancybynature.com\\\/#\\\/schema\\\/logo\\\/image\\\/\"}}]}<\/script>\n<!-- \/ Yoast SEO plugin. -->","yoast_head_json":{"title":"Widerrufsrecht - Fancy By Nature - 1st Fermented Fruit Snack","robots":{"index":"index","follow":"follow","max-snippet":"max-snippet:-1","max-image-preview":"max-image-preview:large","max-video-preview":"max-video-preview:-1"},"canonical":"https:\/\/www.fancybynature.com\/en\/widerrufsrecht\/","og_locale":"en_US","og_type":"article","og_title":"Widerrufsrecht - Fancy By Nature - 1st Fermented Fruit Snack","og_description":"Widerrufsrecht f\u00fcr Verbraucher (Verbraucher ist jede nat\u00fcrliche Person, die ein Rechtsgesch\u00e4ft zu Zwecken abschlie\u00dft, die \u00fcberwiegend weder ihrer gewerblichen noch ihrer selbstst\u00e4ndigen beruflichen T\u00e4tigkeit zugerechnet werden k\u00f6nnen.) Widerrufsbelehrung WiderrufsrechtSie haben das Recht, binnen 14 Tagen ohne Angabe von Gr\u00fcnden diesen Vertrag zu widerrufen. Die Widerrufsfrist betr\u00e4gt 14 Tage ab dem Tag, &#8211; an dem Sie [&hellip;]","og_url":"https:\/\/www.fancybynature.com\/en\/widerrufsrecht\/","og_site_name":"Fancy By Nature - 1st Fermented Fruit Snack","article_modified_time":"2024-09-28T15:04:58+00:00","twitter_card":"summary_large_image","twitter_misc":{"Est. reading time":"4 minutes"},"schema":{"@context":"https:\/\/schema.org","@graph":[{"@type":"WebPage","@id":"https:\/\/www.fancybynature.com\/widerrufsrecht\/","url":"https:\/\/www.fancybynature.com\/widerrufsrecht\/","name":"Widerrufsrecht - Fancy By Nature - 1st Fermented Fruit Snack","isPartOf":{"@id":"https:\/\/www.fancybynature.com\/#website"},"datePublished":"2024-04-08T11:14:05+00:00","dateModified":"2024-09-28T15:04:58+00:00","breadcrumb":{"@id":"https:\/\/www.fancybynature.com\/widerrufsrecht\/#breadcrumb"},"inLanguage":"en-US","potentialAction":[{"@type":"ReadAction","target":["https:\/\/www.fancybynature.com\/widerrufsrecht\/"]}]},{"@type":"BreadcrumbList","@id":"https:\/\/www.fancybynature.com\/widerrufsrecht\/#breadcrumb","itemListElement":[{"@type":"ListItem","position":1,"name":"Home","item":"https:\/\/www.fancybynature.com\/"},{"@type":"ListItem","position":2,"name":"Widerrufsrecht"}]},{"@type":"WebSite","@id":"https:\/\/www.fancybynature.com\/#website","url":"https:\/\/www.fancybynature.com\/","name":"Fancy By Nature - 1st Fermented Fruit Snack","description":"","publisher":{"@id":"https:\/\/www.fancybynature.com\/#organization"},"potentialAction":[{"@type":"SearchAction","target":{"@type":"EntryPoint","urlTemplate":"https:\/\/www.fancybynature.com\/?s={search_term_string}"},"query-input":{"@type":"PropertyValueSpecification","valueRequired":true,"valueName":"search_term_string"}}],"inLanguage":"en-US"},{"@type":"Organization","@id":"https:\/\/www.fancybynature.com\/#organization","name":"Fancy By Nature GmbH","url":"https:\/\/www.fancybynature.com\/","logo":{"@type":"ImageObject","inLanguage":"en-US","@id":"https:\/\/www.fancybynature.com\/#\/schema\/logo\/image\/","url":"https:\/\/www.fancybynature.com\/wp-content\/uploads\/2024\/03\/logo-yellow-lg.png","contentUrl":"https:\/\/www.fancybynature.com\/wp-content\/uploads\/2024\/03\/logo-yellow-lg.png","width":353,"height":188,"caption":"Fancy By Nature GmbH"},"image":{"@id":"https:\/\/www.fancybynature.com\/#\/schema\/logo\/image\/"}}]}},"_links":{"self":[{"href":"https:\/\/www.fancybynature.com\/en\/wp-json\/wp\/v2\/pages\/290","targetHints":{"allow":["GET"]}}],"collection":[{"href":"https:\/\/www.fancybynature.com\/en\/wp-json\/wp\/v2\/pages"}],"about":[{"href":"https:\/\/www.fancybynature.com\/en\/wp-json\/wp\/v2\/types\/page"}],"author":[{"embeddable":true,"href":"https:\/\/www.fancybynature.com\/en\/wp-json\/wp\/v2\/users\/2"}],"replies":[{"embeddable":true,"href":"https:\/\/www.fancybynature.com\/en\/wp-json\/wp\/v2\/comments?post=290"}],"version-history":[{"count":31,"href":"https:\/\/www.fancybynature.com\/en\/wp-json\/wp\/v2\/pages\/290\/revisions"}],"predecessor-version":[{"id":405,"href":"https:\/\/www.fancybynature.com\/en\/wp-json\/wp\/v2\/pages\/290\/revisions\/405"}],"wp:attachment":[{"href":"https:\/\/www.fancybynature.com\/en\/wp-json\/wp\/v2\/media?parent=290"}],"curies":[{"name":"wp","href":"https:\/\/api.w.org\/{rel}","templated":true}]}}