{"id":294,"date":"2024-04-08T12:25:01","date_gmt":"2024-04-08T11:25:01","guid":{"rendered":"https:\/\/www.fancybynature.com\/?page_id=294"},"modified":"2024-11-17T23:49:01","modified_gmt":"2024-11-17T22:49:01","slug":"zahlung-versand","status":"publish","type":"page","link":"https:\/\/www.fancybynature.com\/en\/zahlung-versand\/","title":{"rendered":"Payment &amp; Shipping"},"content":{"rendered":"<h6 class=\"wp-block-heading  text-danger font-weight-bold text-uppercase\"><strong>Payment and Dispatch<\/strong><\/h6>\n\n\n\n<p>The following terms and conditions apply:<br>Domestic delivery (Austria) and neighboring countries: Germany.<br><br><strong>DISPATCH COSTS<\/strong>&nbsp;(inclusive of legally applicable VAT)<\/p>\n\n\n\n<p><strong>Delivery to Austria and Germany<\/strong><br>We currently only deliver to Austria and Germany.<br>F\u00fcr den Versand innerhalb \u00d6sterreich verrechnen wir 5,90\u20ac pro Bestellung, der Versand nach Deutschland betr\u00e4gt 9,90\u20ac pro Bestellung.<br>For orders over \u20ac50.00 we offer free shipping.<\/p>\n\n\n\n<p class=\"text-uppercase\"><strong>DELIVERY PERIODS<\/strong><\/p>\n\n\n\n<p>Unless otherwise specified in the quote, domestic delivery of goods shall be made (Austria) within 3 - 5 days, for deliveries abroad within 5 -\n7 days from conclusion of contract (if advance payment agreed from the date of the payment instruction).<br>Please note that no deliveries are made on Sundays and public holidays.<br>If you have ordered articles with different delivery dates, we send the articles together in one delivery if no other agreement has been made.\nThe delivery date for the complete order will be the same as that of the article with the longest delivery time.<\/p>\n\n\n\n<p class=\"text-uppercase\"><strong>Accepted payment options<\/strong><\/p>\n\n\n\n<p><strong>&#8211;&nbsp;&nbsp;<\/strong>Prepayment via transfer<br><br><strong>Via PayPal Checkout:<\/strong><br>\u2013 Payment via PayPal<br>\u2013 Payment via PayPal Express<br>\u2013 Payment by credit card<br>\u2013 Payment via Sofort\u00fcberweisung\/Instant transfer<br>\u2013 Payment by invoice (via Ratepay)<\/p>\n\n\n\n<p><strong>Our bank details:<\/strong><br>IBAN: AT87 3834 6000 0024 2461<br>BIC: RZSTAT2G346 (Raiffeisenbank Aichfeld eGen)<br>payable to Feel Forever Young GmbH<\/p>\n\n\n\n<p>In case of questions, please contact us at the contact details mentioned in the Legal Notice.<\/p>","protected":false},"excerpt":{"rendered":"<p>Zahlung und Versand Es gelten folgende Bedingungen:Die Lieferung erfolgt im Inland (\u00d6sterreich)&nbsp;und in die nachstehenden L\u00e4nder:&nbsp;Deutschland. VERSANDKOSTEN&nbsp;(inklusive gesetzliche Mehrwertsteuer) Lieferungen nach \u00d6sterreich und Deutschland:Derzeit liefern wir ausschlie\u00dflich nach \u00d6sterreich und Deutschland.F\u00fcr den Versand innerhalb \u00d6sterreich verrechnen wir 5,90\u20ac pro Bestellung, der Versand nach Deutschland betr\u00e4gt 9,90\u20ac pro Bestellung.Ab einem Bestellwert von 50,00 \u20ac liefern wir [&hellip;]<\/p>\n","protected":false},"author":2,"featured_media":0,"parent":0,"menu_order":0,"comment_status":"closed","ping_status":"closed","template":"page-templates\/page-legal.php","meta":{"footnotes":""},"class_list":["post-294","page","type-page","status-publish","hentry"],"yoast_head":"<!-- This site is optimized with the Yoast SEO plugin v27.3 - https:\/\/yoast.com\/product\/yoast-seo-wordpress\/ -->\n<title>Zahlung &amp; Versand - Fancy By Nature - 1st Fermented Fruit Snack<\/title>\n<meta name=\"robots\" content=\"index, follow, max-snippet:-1, max-image-preview:large, max-video-preview:-1\" \/>\n<link rel=\"canonical\" href=\"https:\/\/www.fancybynature.com\/en\/zahlung-versand\/\" \/>\n<meta property=\"og:locale\" content=\"en_US\" \/>\n<meta property=\"og:type\" content=\"article\" \/>\n<meta property=\"og:title\" content=\"Zahlung &amp; Versand - Fancy By Nature - 1st Fermented Fruit Snack\" \/>\n<meta property=\"og:description\" content=\"Zahlung und Versand Es gelten folgende Bedingungen:Die Lieferung erfolgt im Inland (\u00d6sterreich)&nbsp;und in die nachstehenden L\u00e4nder:&nbsp;Deutschland. VERSANDKOSTEN&nbsp;(inklusive gesetzliche Mehrwertsteuer) Lieferungen nach \u00d6sterreich und Deutschland:Derzeit liefern wir ausschlie\u00dflich nach \u00d6sterreich und Deutschland.F\u00fcr den Versand innerhalb \u00d6sterreich verrechnen wir 5,90\u20ac pro Bestellung, der Versand nach Deutschland betr\u00e4gt 9,90\u20ac pro Bestellung.Ab einem Bestellwert von 50,00 \u20ac liefern wir [&hellip;]\" \/>\n<meta property=\"og:url\" content=\"https:\/\/www.fancybynature.com\/en\/zahlung-versand\/\" \/>\n<meta property=\"og:site_name\" content=\"Fancy By Nature - 1st Fermented Fruit Snack\" \/>\n<meta property=\"article:modified_time\" content=\"2024-11-17T22:49:01+00:00\" \/>\n<meta name=\"twitter:card\" content=\"summary_large_image\" \/>\n<meta name=\"twitter:label1\" content=\"Est. reading time\" \/>\n\t<meta name=\"twitter:data1\" content=\"2 minutes\" \/>\n<script type=\"application\/ld+json\" class=\"yoast-schema-graph\">{\"@context\":\"https:\\\/\\\/schema.org\",\"@graph\":[{\"@type\":\"WebPage\",\"@id\":\"https:\\\/\\\/www.fancybynature.com\\\/zahlung-versand\\\/\",\"url\":\"https:\\\/\\\/www.fancybynature.com\\\/zahlung-versand\\\/\",\"name\":\"Zahlung &amp; Versand - Fancy By Nature - 1st Fermented Fruit Snack\",\"isPartOf\":{\"@id\":\"https:\\\/\\\/www.fancybynature.com\\\/#website\"},\"datePublished\":\"2024-04-08T11:25:01+00:00\",\"dateModified\":\"2024-11-17T22:49:01+00:00\",\"breadcrumb\":{\"@id\":\"https:\\\/\\\/www.fancybynature.com\\\/zahlung-versand\\\/#breadcrumb\"},\"inLanguage\":\"en-US\",\"potentialAction\":[{\"@type\":\"ReadAction\",\"target\":[\"https:\\\/\\\/www.fancybynature.com\\\/zahlung-versand\\\/\"]}]},{\"@type\":\"BreadcrumbList\",\"@id\":\"https:\\\/\\\/www.fancybynature.com\\\/zahlung-versand\\\/#breadcrumb\",\"itemListElement\":[{\"@type\":\"ListItem\",\"position\":1,\"name\":\"Home\",\"item\":\"https:\\\/\\\/www.fancybynature.com\\\/\"},{\"@type\":\"ListItem\",\"position\":2,\"name\":\"Zahlung &amp; Versand\"}]},{\"@type\":\"WebSite\",\"@id\":\"https:\\\/\\\/www.fancybynature.com\\\/#website\",\"url\":\"https:\\\/\\\/www.fancybynature.com\\\/\",\"name\":\"Fancy By Nature - 1st Fermented Fruit Snack\",\"description\":\"\",\"publisher\":{\"@id\":\"https:\\\/\\\/www.fancybynature.com\\\/#organization\"},\"potentialAction\":[{\"@type\":\"SearchAction\",\"target\":{\"@type\":\"EntryPoint\",\"urlTemplate\":\"https:\\\/\\\/www.fancybynature.com\\\/?s={search_term_string}\"},\"query-input\":{\"@type\":\"PropertyValueSpecification\",\"valueRequired\":true,\"valueName\":\"search_term_string\"}}],\"inLanguage\":\"en-US\"},{\"@type\":\"Organization\",\"@id\":\"https:\\\/\\\/www.fancybynature.com\\\/#organization\",\"name\":\"Fancy By Nature GmbH\",\"url\":\"https:\\\/\\\/www.fancybynature.com\\\/\",\"logo\":{\"@type\":\"ImageObject\",\"inLanguage\":\"en-US\",\"@id\":\"https:\\\/\\\/www.fancybynature.com\\\/#\\\/schema\\\/logo\\\/image\\\/\",\"url\":\"https:\\\/\\\/www.fancybynature.com\\\/wp-content\\\/uploads\\\/2024\\\/03\\\/logo-yellow-lg.png\",\"contentUrl\":\"https:\\\/\\\/www.fancybynature.com\\\/wp-content\\\/uploads\\\/2024\\\/03\\\/logo-yellow-lg.png\",\"width\":353,\"height\":188,\"caption\":\"Fancy By Nature GmbH\"},\"image\":{\"@id\":\"https:\\\/\\\/www.fancybynature.com\\\/#\\\/schema\\\/logo\\\/image\\\/\"}}]}<\/script>\n<!-- \/ Yoast SEO plugin. -->","yoast_head_json":{"title":"Zahlung &amp; Versand - Fancy By Nature - 1st Fermented Fruit Snack","robots":{"index":"index","follow":"follow","max-snippet":"max-snippet:-1","max-image-preview":"max-image-preview:large","max-video-preview":"max-video-preview:-1"},"canonical":"https:\/\/www.fancybynature.com\/en\/zahlung-versand\/","og_locale":"en_US","og_type":"article","og_title":"Zahlung &amp; Versand - Fancy By Nature - 1st Fermented Fruit Snack","og_description":"Zahlung und Versand Es gelten folgende Bedingungen:Die Lieferung erfolgt im Inland (\u00d6sterreich)&nbsp;und in die nachstehenden L\u00e4nder:&nbsp;Deutschland. VERSANDKOSTEN&nbsp;(inklusive gesetzliche Mehrwertsteuer) Lieferungen nach \u00d6sterreich und Deutschland:Derzeit liefern wir ausschlie\u00dflich nach \u00d6sterreich und Deutschland.F\u00fcr den Versand innerhalb \u00d6sterreich verrechnen wir 5,90\u20ac pro Bestellung, der Versand nach Deutschland betr\u00e4gt 9,90\u20ac pro Bestellung.Ab einem Bestellwert von 50,00 \u20ac liefern wir [&hellip;]","og_url":"https:\/\/www.fancybynature.com\/en\/zahlung-versand\/","og_site_name":"Fancy By Nature - 1st Fermented Fruit Snack","article_modified_time":"2024-11-17T22:49:01+00:00","twitter_card":"summary_large_image","twitter_misc":{"Est. reading time":"2 minutes"},"schema":{"@context":"https:\/\/schema.org","@graph":[{"@type":"WebPage","@id":"https:\/\/www.fancybynature.com\/zahlung-versand\/","url":"https:\/\/www.fancybynature.com\/zahlung-versand\/","name":"Zahlung &amp; Versand - Fancy By Nature - 1st Fermented Fruit Snack","isPartOf":{"@id":"https:\/\/www.fancybynature.com\/#website"},"datePublished":"2024-04-08T11:25:01+00:00","dateModified":"2024-11-17T22:49:01+00:00","breadcrumb":{"@id":"https:\/\/www.fancybynature.com\/zahlung-versand\/#breadcrumb"},"inLanguage":"en-US","potentialAction":[{"@type":"ReadAction","target":["https:\/\/www.fancybynature.com\/zahlung-versand\/"]}]},{"@type":"BreadcrumbList","@id":"https:\/\/www.fancybynature.com\/zahlung-versand\/#breadcrumb","itemListElement":[{"@type":"ListItem","position":1,"name":"Home","item":"https:\/\/www.fancybynature.com\/"},{"@type":"ListItem","position":2,"name":"Zahlung &amp; Versand"}]},{"@type":"WebSite","@id":"https:\/\/www.fancybynature.com\/#website","url":"https:\/\/www.fancybynature.com\/","name":"Fancy By Nature - 1st Fermented Fruit Snack","description":"","publisher":{"@id":"https:\/\/www.fancybynature.com\/#organization"},"potentialAction":[{"@type":"SearchAction","target":{"@type":"EntryPoint","urlTemplate":"https:\/\/www.fancybynature.com\/?s={search_term_string}"},"query-input":{"@type":"PropertyValueSpecification","valueRequired":true,"valueName":"search_term_string"}}],"inLanguage":"en-US"},{"@type":"Organization","@id":"https:\/\/www.fancybynature.com\/#organization","name":"Fancy By Nature GmbH","url":"https:\/\/www.fancybynature.com\/","logo":{"@type":"ImageObject","inLanguage":"en-US","@id":"https:\/\/www.fancybynature.com\/#\/schema\/logo\/image\/","url":"https:\/\/www.fancybynature.com\/wp-content\/uploads\/2024\/03\/logo-yellow-lg.png","contentUrl":"https:\/\/www.fancybynature.com\/wp-content\/uploads\/2024\/03\/logo-yellow-lg.png","width":353,"height":188,"caption":"Fancy By Nature GmbH"},"image":{"@id":"https:\/\/www.fancybynature.com\/#\/schema\/logo\/image\/"}}]}},"_links":{"self":[{"href":"https:\/\/www.fancybynature.com\/en\/wp-json\/wp\/v2\/pages\/294","targetHints":{"allow":["GET"]}}],"collection":[{"href":"https:\/\/www.fancybynature.com\/en\/wp-json\/wp\/v2\/pages"}],"about":[{"href":"https:\/\/www.fancybynature.com\/en\/wp-json\/wp\/v2\/types\/page"}],"author":[{"embeddable":true,"href":"https:\/\/www.fancybynature.com\/en\/wp-json\/wp\/v2\/users\/2"}],"replies":[{"embeddable":true,"href":"https:\/\/www.fancybynature.com\/en\/wp-json\/wp\/v2\/comments?post=294"}],"version-history":[{"count":12,"href":"https:\/\/www.fancybynature.com\/en\/wp-json\/wp\/v2\/pages\/294\/revisions"}],"predecessor-version":[{"id":497,"href":"https:\/\/www.fancybynature.com\/en\/wp-json\/wp\/v2\/pages\/294\/revisions\/497"}],"wp:attachment":[{"href":"https:\/\/www.fancybynature.com\/en\/wp-json\/wp\/v2\/media?parent=294"}],"curies":[{"name":"wp","href":"https:\/\/api.w.org\/{rel}","templated":true}]}}