{"id":53,"date":"2023-11-28T13:13:04","date_gmt":"2023-11-28T13:13:04","guid":{"rendered":"https:\/\/www.fancybynature.com\/?page_id=53"},"modified":"2025-10-21T14:00:52","modified_gmt":"2025-10-21T13:00:52","slug":"impressum","status":"publish","type":"page","link":"https:\/\/www.fancybynature.com\/en\/impressum\/","title":{"rendered":"Imprint"},"content":{"rendered":"<h6 class=\"wp-block-heading  text-danger font-weight-bold text-uppercase d-block d-lg-none\">IMPRINT<\/h6>\n\n\n\n<p class=\"mb-5\"><strong>Legal website operator identification: <\/strong><br><strong>Fancy by Nature GmbH <\/strong><br><strong>Represented by the general manager Robert M\u00f6rth <\/strong><br><strong>Alte Poststrasse 376, <br>8055 Graz<\/strong><br><strong>Austria <\/strong><br><strong>Phone: +43 664 4209669 <\/strong><br><strong>Email: hello@fancybynature.com <\/strong><br><strong>VAT number: ATU47838808 <\/strong><br><strong>listed in the commercial register of the local court Graz <\/strong><br><strong>Commercial register number - Part B of the commercial register - 185679h <\/strong><\/p>\n\n\n\n<p class=\"fw-light\"><strong>Alternative dispute resolution: <\/strong><br>The European Commission provides a platform for the out-of-court resolution of disputes (ODR platform), which can be viewed under\nhttps:\/\/ec.europa.eu\/odr..<br>\nWe are neither willing nor obliged to participate in dispute resolution proceedings before consumer arbitration boards.<\/p>","protected":false},"excerpt":{"rendered":"<p>IMPRESSUM Gesetzliche Anbieterkennung: Fancy by Nature GmbH vertr. d. d. Gesch\u00e4ftsfu\u0308hrer Robert M\u00f6rth Alte Poststra\u00dfe 376, 8055 Graz\u00d6sterreich Telefon: +43 664 4209669 E-Mail: hello@fancybynature.com USt-IdNr.: ATU47838808 eingetragen im Handelsregister des Amtsgerichtes Graz Handelsregisternummer HRB 185679h Alternative Streitbeilegung: Die Europ\u00e4ische Kommission stellt eine Plattform fu\u0308r die au\u00dfergerichtliche Online-Streitbeilegung (OS-Plattform) bereit, aufrufbar unter https:\/\/ec.europa.eu\/odr. Wir sind nicht [&hellip;]<\/p>\n","protected":false},"author":2,"featured_media":0,"parent":0,"menu_order":0,"comment_status":"closed","ping_status":"closed","template":"page-templates\/page-legal.php","meta":{"footnotes":""},"class_list":["post-53","page","type-page","status-publish","hentry"],"yoast_head":"<!-- This site is optimized with the Yoast SEO plugin v27.3 - https:\/\/yoast.com\/product\/yoast-seo-wordpress\/ -->\n<title>Impressum - Fancy By Nature - 1st Fermented Fruit Snack<\/title>\n<meta name=\"robots\" content=\"index, follow, max-snippet:-1, max-image-preview:large, max-video-preview:-1\" \/>\n<link rel=\"canonical\" href=\"https:\/\/www.fancybynature.com\/en\/impressum\/\" \/>\n<meta property=\"og:locale\" content=\"en_US\" \/>\n<meta property=\"og:type\" content=\"article\" \/>\n<meta property=\"og:title\" content=\"Impressum - Fancy By Nature - 1st Fermented Fruit Snack\" \/>\n<meta property=\"og:description\" content=\"IMPRESSUM Gesetzliche Anbieterkennung: Fancy by Nature GmbH vertr. d. d. Gesch\u00e4ftsfu\u0308hrer Robert M\u00f6rth Alte Poststra\u00dfe 376, 8055 Graz\u00d6sterreich Telefon: +43 664 4209669 E-Mail: hello@fancybynature.com USt-IdNr.: ATU47838808 eingetragen im Handelsregister des Amtsgerichtes Graz Handelsregisternummer HRB 185679h Alternative Streitbeilegung: Die Europ\u00e4ische Kommission stellt eine Plattform fu\u0308r die au\u00dfergerichtliche Online-Streitbeilegung (OS-Plattform) bereit, aufrufbar unter https:\/\/ec.europa.eu\/odr. Wir sind nicht [&hellip;]\" \/>\n<meta property=\"og:url\" content=\"https:\/\/www.fancybynature.com\/en\/impressum\/\" \/>\n<meta property=\"og:site_name\" content=\"Fancy By Nature - 1st Fermented Fruit Snack\" \/>\n<meta property=\"article:modified_time\" content=\"2025-10-21T13:00:52+00:00\" \/>\n<meta name=\"twitter:card\" content=\"summary_large_image\" \/>\n<meta name=\"twitter:label1\" content=\"Est. reading time\" \/>\n\t<meta name=\"twitter:data1\" content=\"1 minute\" \/>\n<script type=\"application\/ld+json\" class=\"yoast-schema-graph\">{\"@context\":\"https:\\\/\\\/schema.org\",\"@graph\":[{\"@type\":\"WebPage\",\"@id\":\"https:\\\/\\\/www.fancybynature.com\\\/impressum\\\/\",\"url\":\"https:\\\/\\\/www.fancybynature.com\\\/impressum\\\/\",\"name\":\"Impressum - Fancy By Nature - 1st Fermented Fruit Snack\",\"isPartOf\":{\"@id\":\"https:\\\/\\\/www.fancybynature.com\\\/#website\"},\"datePublished\":\"2023-11-28T13:13:04+00:00\",\"dateModified\":\"2025-10-21T13:00:52+00:00\",\"breadcrumb\":{\"@id\":\"https:\\\/\\\/www.fancybynature.com\\\/impressum\\\/#breadcrumb\"},\"inLanguage\":\"en-US\",\"potentialAction\":[{\"@type\":\"ReadAction\",\"target\":[\"https:\\\/\\\/www.fancybynature.com\\\/impressum\\\/\"]}]},{\"@type\":\"BreadcrumbList\",\"@id\":\"https:\\\/\\\/www.fancybynature.com\\\/impressum\\\/#breadcrumb\",\"itemListElement\":[{\"@type\":\"ListItem\",\"position\":1,\"name\":\"Home\",\"item\":\"https:\\\/\\\/www.fancybynature.com\\\/\"},{\"@type\":\"ListItem\",\"position\":2,\"name\":\"Impressum\"}]},{\"@type\":\"WebSite\",\"@id\":\"https:\\\/\\\/www.fancybynature.com\\\/#website\",\"url\":\"https:\\\/\\\/www.fancybynature.com\\\/\",\"name\":\"Fancy By Nature - 1st Fermented Fruit Snack\",\"description\":\"\",\"publisher\":{\"@id\":\"https:\\\/\\\/www.fancybynature.com\\\/#organization\"},\"potentialAction\":[{\"@type\":\"SearchAction\",\"target\":{\"@type\":\"EntryPoint\",\"urlTemplate\":\"https:\\\/\\\/www.fancybynature.com\\\/?s={search_term_string}\"},\"query-input\":{\"@type\":\"PropertyValueSpecification\",\"valueRequired\":true,\"valueName\":\"search_term_string\"}}],\"inLanguage\":\"en-US\"},{\"@type\":\"Organization\",\"@id\":\"https:\\\/\\\/www.fancybynature.com\\\/#organization\",\"name\":\"Fancy By Nature GmbH\",\"url\":\"https:\\\/\\\/www.fancybynature.com\\\/\",\"logo\":{\"@type\":\"ImageObject\",\"inLanguage\":\"en-US\",\"@id\":\"https:\\\/\\\/www.fancybynature.com\\\/#\\\/schema\\\/logo\\\/image\\\/\",\"url\":\"https:\\\/\\\/www.fancybynature.com\\\/wp-content\\\/uploads\\\/2024\\\/03\\\/logo-yellow-lg.png\",\"contentUrl\":\"https:\\\/\\\/www.fancybynature.com\\\/wp-content\\\/uploads\\\/2024\\\/03\\\/logo-yellow-lg.png\",\"width\":353,\"height\":188,\"caption\":\"Fancy By Nature GmbH\"},\"image\":{\"@id\":\"https:\\\/\\\/www.fancybynature.com\\\/#\\\/schema\\\/logo\\\/image\\\/\"}}]}<\/script>\n<!-- \/ Yoast SEO plugin. -->","yoast_head_json":{"title":"Impressum - Fancy By Nature - 1st Fermented Fruit Snack","robots":{"index":"index","follow":"follow","max-snippet":"max-snippet:-1","max-image-preview":"max-image-preview:large","max-video-preview":"max-video-preview:-1"},"canonical":"https:\/\/www.fancybynature.com\/en\/impressum\/","og_locale":"en_US","og_type":"article","og_title":"Impressum - Fancy By Nature - 1st Fermented Fruit Snack","og_description":"IMPRESSUM Gesetzliche Anbieterkennung: Fancy by Nature GmbH vertr. d. d. Gesch\u00e4ftsfu\u0308hrer Robert M\u00f6rth Alte Poststra\u00dfe 376, 8055 Graz\u00d6sterreich Telefon: +43 664 4209669 E-Mail: hello@fancybynature.com USt-IdNr.: ATU47838808 eingetragen im Handelsregister des Amtsgerichtes Graz Handelsregisternummer HRB 185679h Alternative Streitbeilegung: Die Europ\u00e4ische Kommission stellt eine Plattform fu\u0308r die au\u00dfergerichtliche Online-Streitbeilegung (OS-Plattform) bereit, aufrufbar unter https:\/\/ec.europa.eu\/odr. Wir sind nicht [&hellip;]","og_url":"https:\/\/www.fancybynature.com\/en\/impressum\/","og_site_name":"Fancy By Nature - 1st Fermented Fruit Snack","article_modified_time":"2025-10-21T13:00:52+00:00","twitter_card":"summary_large_image","twitter_misc":{"Est. reading time":"1 minute"},"schema":{"@context":"https:\/\/schema.org","@graph":[{"@type":"WebPage","@id":"https:\/\/www.fancybynature.com\/impressum\/","url":"https:\/\/www.fancybynature.com\/impressum\/","name":"Impressum - Fancy By Nature - 1st Fermented Fruit Snack","isPartOf":{"@id":"https:\/\/www.fancybynature.com\/#website"},"datePublished":"2023-11-28T13:13:04+00:00","dateModified":"2025-10-21T13:00:52+00:00","breadcrumb":{"@id":"https:\/\/www.fancybynature.com\/impressum\/#breadcrumb"},"inLanguage":"en-US","potentialAction":[{"@type":"ReadAction","target":["https:\/\/www.fancybynature.com\/impressum\/"]}]},{"@type":"BreadcrumbList","@id":"https:\/\/www.fancybynature.com\/impressum\/#breadcrumb","itemListElement":[{"@type":"ListItem","position":1,"name":"Home","item":"https:\/\/www.fancybynature.com\/"},{"@type":"ListItem","position":2,"name":"Impressum"}]},{"@type":"WebSite","@id":"https:\/\/www.fancybynature.com\/#website","url":"https:\/\/www.fancybynature.com\/","name":"Fancy By Nature - 1st Fermented Fruit Snack","description":"","publisher":{"@id":"https:\/\/www.fancybynature.com\/#organization"},"potentialAction":[{"@type":"SearchAction","target":{"@type":"EntryPoint","urlTemplate":"https:\/\/www.fancybynature.com\/?s={search_term_string}"},"query-input":{"@type":"PropertyValueSpecification","valueRequired":true,"valueName":"search_term_string"}}],"inLanguage":"en-US"},{"@type":"Organization","@id":"https:\/\/www.fancybynature.com\/#organization","name":"Fancy By Nature GmbH","url":"https:\/\/www.fancybynature.com\/","logo":{"@type":"ImageObject","inLanguage":"en-US","@id":"https:\/\/www.fancybynature.com\/#\/schema\/logo\/image\/","url":"https:\/\/www.fancybynature.com\/wp-content\/uploads\/2024\/03\/logo-yellow-lg.png","contentUrl":"https:\/\/www.fancybynature.com\/wp-content\/uploads\/2024\/03\/logo-yellow-lg.png","width":353,"height":188,"caption":"Fancy By Nature GmbH"},"image":{"@id":"https:\/\/www.fancybynature.com\/#\/schema\/logo\/image\/"}}]}},"_links":{"self":[{"href":"https:\/\/www.fancybynature.com\/en\/wp-json\/wp\/v2\/pages\/53","targetHints":{"allow":["GET"]}}],"collection":[{"href":"https:\/\/www.fancybynature.com\/en\/wp-json\/wp\/v2\/pages"}],"about":[{"href":"https:\/\/www.fancybynature.com\/en\/wp-json\/wp\/v2\/types\/page"}],"author":[{"embeddable":true,"href":"https:\/\/www.fancybynature.com\/en\/wp-json\/wp\/v2\/users\/2"}],"replies":[{"embeddable":true,"href":"https:\/\/www.fancybynature.com\/en\/wp-json\/wp\/v2\/comments?post=53"}],"version-history":[{"count":11,"href":"https:\/\/www.fancybynature.com\/en\/wp-json\/wp\/v2\/pages\/53\/revisions"}],"predecessor-version":[{"id":622,"href":"https:\/\/www.fancybynature.com\/en\/wp-json\/wp\/v2\/pages\/53\/revisions\/622"}],"wp:attachment":[{"href":"https:\/\/www.fancybynature.com\/en\/wp-json\/wp\/v2\/media?parent=53"}],"curies":[{"name":"wp","href":"https:\/\/api.w.org\/{rel}","templated":true}]}}