{"id":55,"date":"2023-11-28T13:13:44","date_gmt":"2023-11-28T13:13:44","guid":{"rendered":"https:\/\/www.fancybynature.com\/?page_id=55"},"modified":"2026-02-17T08:46:54","modified_gmt":"2026-02-17T07:46:54","slug":"agb","status":"publish","type":"page","link":"https:\/\/www.fancybynature.com\/en\/agb\/","title":{"rendered":"Terms and Conditions"},"content":{"rendered":"<h6 class=\"wp-block-heading  text-danger font-weight-bold text-uppercase\">General terms and conditions and customer information<\/h6>\n\n\n\n<p><strong>I. Standard business terms<\/strong><br><strong>\u00a7 1 Basic provisions<\/strong><br>(1) Die nachstehenden Gesch\u00e4ftsbedingungen gelten f\u00fcr Vertr\u00e4ge, die Sie mit uns als Anbieter (Fancy by Nature GmbH) \u00fcber die Internetseite www.fancybynature.com schlie\u00dfen. Soweit nicht anders vereinbart, wird der Einbeziehung gegebenenfalls von Ihnen verwendeter eigener Bedingungen widersprochen.<br>(2) A \u2018consumer\u2019 in the sense of the following regulations is every natural person who concludes a legal transaction which, to an\noverwhelming extent, cannot be attributed to either his commercial or independent professional activities. The term \u2018businessman\u2019 refers to\nevery natural person, legal person or legally responsible partnership that concludes a legal transaction in pursuance of his\/its independent\nprofessional or commercial activity.<br><br><strong>\u00a7 2 Conclusion of the contract<\/strong><br>(1) The subject-matter of the contract is the selling of products<br>(2) As soon as you place the respective product on our website, we shall submit to you a binding offer to conclude a contract via the online\nshopping cart system under the conditions specified in the item description.<br>(3) The contract is concluded via the online shopping cart system as follows:\nThe goods intended for purchase are placed in the \"shopping cart\". You can call up the \"shopping cart\" using the corresponding button in the\nnavigation bar and make changes there at any time.<br>\nAfter clicking the button \"Checkout\" or \"Proceed to order\" (or similar designation) and entering the personal data as well as the payment and\nshipping conditions, the order data will finally be displayed to you as an order overview.\nIf you use an instant payment system (e.g. PayPal (Express\/Plus\/Checkout), Amazon Pay, Sofort, giropay) as your payment method, you will\neither be taken to the order overview page in our online shop or forwarded to the website of the provider of the instant payment system.\nIf you are forwarded to the relevant instant payment system, choose and\/or enter your data as appropriate. Finally, on the website of the\nprovider of the instant payment system or, after you have been directed back to our online shop, the order data will be displayed as an order\noverview..<br>\nBefore submitting the order, you have the option once more to review or change (you may also use the \"Back\" button on your web browser)\nany information on the order summary page, or to cancel the purchase..<br>\nBy sending the order via the corresponding button (\"order with obligation to pay\", \"buy\" \/ \"buy now\", \"order with obligation to pay\", \"pay\" \/ \"pay\nnow\" or similar designation) you declare the legally binding acceptance of the offer, whereby the contract is concluded.<br>(4) The execution of the order and the sending of all the details necessitated by the conclusion of the contract take place via e-mail, in a\npartially-automated manner. Consequently, you have to ensure that the e-mail address that you have deposited with us is the correct one, and\nthat the receipt of the respective e-mails is guaranteed. In particular, you have to ensure that the respective e-mails are not blocked by a\nSPAM filter.<br><br><strong>\u00a7 3 Special agreements related to the offered payment methods<\/strong><br>(1) Payment via \"PayPal\" \/ \"PayPal Checkout\"\n<br> If you select a payment method offered via \"PayPal\" \/ \"PayPal Checkout\", the payment will be processed via the payment service provider\nPayPal (Europe) S.\u00e0.r.l. et Cie, S.C.A. (22-24 Boulevard Royal L-2449, Luxembourg; \"PayPal\"). The individual payment methods via \"PayPal\"\nwill be displayed to you under a correspondingly designated button on our Internet presence as well as in the online ordering process.\n\"PayPal\" may use other payment services for payment processing; if special payment conditions apply, you will be informed of these\nseparately. You can find more information on \"PayPal\" at<br>https:\/\/www.paypal.com\/de\/webapps\/mpp\/ua\/legalhub-full.<br><br><strong>\u00a7 4 Right of retention, reservation of proprietary rights<\/strong><br>(1) You can only exercise a right of retention if the situation in question involves claims arising from the same contractual relationship.<br>(2) The goods remain our property until the purchase price is paid in full.<br><br><strong>\u00a7 5 Warranty<\/strong><br>(1) The statutory warranty rights are applicable.<br>(2) As a consumer, you are requested to promptly check the product for completeness, visible defects and transport damage as soon as it is\ndelivered, and promptly disclose your complaints to us and the shipping company in writing. Even if you do not comply with this request, it\nshall have no effect on your legal warranty claims.<br>(3) If a characteristic of the goods deviates from the objective requirements, the deviation shall only be deemed to be agreed if you were\ninformed of the same by us before submitting the contractual declaration and the deviation was expressly and separately agreed between the\ncontracting parties.<br><br><strong>\u00a7 6 Choice of law, place of fulfilment, jurisdiction<\/strong><br>(1) Es gilt \u00f6sterreichisches Recht. Bei Verbrauchern gilt diese Rechtswahl nur, soweit hierdurch der durch zwingende Bestimmungen des Rechts des Staates des gew\u00f6hnlichen Aufenthaltes des Verbrauchers gew\u00e4hrte Schutz nicht entzogen wird (G\u00fcnstigkeitsprinzip).<br>(2) Erf\u00fcllungsort f\u00fcr alle Leistungen aus den mit uns bestehenden Gesch\u00e4ftsbeziehungen sowie Gerichtsstand ist unser Sitz, soweit Sie nicht Verbraucher, sondern Kaufmann, juristische Person des \u00f6ffentlichen Rechts oder \u00f6ffentlich-rechtliches Sonderverm\u00f6gen sind. Dasselbe gilt, wenn Sie keinen allgemeinen Gerichtsstand in \u00d6sterreich oder der EU haben oder der Wohnsitz oder gew\u00f6hnliche Aufenthalt im Zeitpunktder Klageerhebung nicht bekannt ist. Die Befugnis, auch das Gericht an einem anderen gesetzlichen Gerichtsstand anzurufen, bleibt hiervon unber\u00fchrt.<br>(3) The provisions of the UN Convention on Contracts for the International Sale of Goods are explicitly inapplicable.<br>II. Customer information<\/p>\n\n\n\n<ol class=\"wp-block-list\">\n<li><b>Identity of the seller<\/b><br>Fancy by Nature GmbH<br>Alte Poststrasse 376,<br>8055 Graz<br>Austria<br>Phone: +436644209669<br>Email: hello@fancybynature.com<br>Alternative dispute resolution:<br>The European Commission provides a platform for the out-of-court resolution of disputes (ODR platform), which can be viewed under\nhttps:\/\/ec.europa.eu\/odr.\nWe are neither willing nor obliged to participate in dispute resolution proceedings before consumer arbitration boards.<\/li>\n\n\n\n<li><b>Information on the conclusion of the contract <\/b><br \/>\nThe technical steps associated with the conclusion of the contract, the contract conclusion itself and the correction options are executed in\naccordance to the regulations \"conclusion of the contract\" in our standard business terms (part I.).<\/li>\n\n\n\n<li><b>Contractual language, saving the text of the contract<\/b><br>3.1 The contract language is German.<br>3.2. We do not save the complete contract text. Before submitting the order via the online shopping cart system, the contract data can be printed out using the browser&#039;s print function or saved electronically. After we receive the order, the order data, the legally required information for distance selling contracts and the general terms and conditions will be sent to you again by email.<\/li>\n\n\n\n<li><b>Codes of Conduct<\/b><br>4.1. We have subjected ourselves to the buyer seal quality criteria of H\u00e4ndlerbund Management AG, which can be viewed at: https:\/\/www.haendlerbund.de\/de\/downloads\/kaeufersiegel\/kaeufersiegel zertifizierungskriterien.pdf.<\/li>\n\n\n\n<li><b>Main features of the product or service<\/b><br>The essential characteristics of the goods and\/or services can be found in the respective offer.<\/li>\n\n\n\n<li><b>Prices and payment terms<\/b><br>6.1. The prices mentioned in the respective offers represent total prices, as do the shipping costs. They include all the price components,\nincluding all the incidental taxes.<br>6.2. The dispatch costs that are incurred are not included in the purchase price. They can be viewed by clicking the appropriate button on our\nwebsite or in the respective quote, are shown separately over the course of the order transaction and must additionally be borne by you,\ninsofar as free delivery is not confirmed.<br>6.3. Any costs incurred in transferring money (transfer or exchange rate fees charged by credit institutions) must be borne by you in cases where the delivery is made in an EU member state but the payment was made outside the European Union.<br>6.4 The payment methods that are available to you are shown by clicking the appropriate button on our website or are disclosed in the\nrespective quote.<br>6.5 Unless otherwise specified for the respective payment methods, the payment claims arising from the contract that has been concluded\nbecome payable immediately.<\/li>\n\n\n\n<li><b>Delivery conditions<\/b><br>7.1 The delivery conditions, the delivery date and any existing delivery restrictions can be found under a correspondingly labelled button on our website or in the respective offer.<br>7.2 If you are a consumer, the following is statutorily regulated: The risk of the sold item accidentally being destroyed or degraded during\nshipping only passes over to you when the item in question is delivered, regardless of whether or not the shipping operation is insured. This\ncondition does not apply if you have independently commissioned a transport company that has not been specified by us or a person who has\notherwise been appointed to execute the shipping operation.<\/li>\n\n\n\n<li><b>Statutory warranty right<\/b><br>\nLiability for defects is governed by the \u201cWarranty\u201d provisions in our General Terms and Conditions of Business (Part I).These SBTs and customer details were created by the lawyers specialising in IT law who work for the H\u00e4ndlerbund, and are constantly\nchecked for legal conformity. H\u00e4ndlerbund Management AG guarantees the legal security of the texts and assumes liability in case warnings\nare issued. More detailed information can be found on the following website: https:\/\/www.haendlerbund.de\/de\/leistungen\/rechtssicherheit\/agb-\nservice.\nlast update: 29.11.2023<\/li>\n<\/ol>","protected":false},"excerpt":{"rendered":"<p>Allgemeine Gesch\u00e4ftsbedingungen und Kundeninformationen I. Allgemeine Gesch\u00e4ftsbedingungen\u00a7 1 Grundlegende Bestimmungen(1) Die nachstehenden Gesch\u00e4ftsbedingungen gelten f\u00fcr Vertr\u00e4ge, die Sie mit uns als Anbieter (Fancy by Nature GmbH) \u00fcber die Internetseite www.fancybynature.com schlie\u00dfen. Soweit nicht anders vereinbart, wird der Einbeziehung gegebenenfalls von Ihnen verwendeter eigener Bedingungen widersprochen.(2) Verbraucher im Sinne der nachstehenden Regelungen ist jede nat\u00fcrliche Person, [&hellip;]<\/p>\n","protected":false},"author":2,"featured_media":0,"parent":0,"menu_order":0,"comment_status":"closed","ping_status":"closed","template":"page-templates\/page-legal.php","meta":{"footnotes":""},"class_list":["post-55","page","type-page","status-publish","hentry"],"yoast_head":"<!-- This site is optimized with the Yoast SEO plugin v27.3 - https:\/\/yoast.com\/product\/yoast-seo-wordpress\/ -->\n<title>AGB - Fancy By Nature - 1st Fermented Fruit Snack<\/title>\n<meta name=\"robots\" content=\"index, follow, max-snippet:-1, max-image-preview:large, max-video-preview:-1\" \/>\n<link rel=\"canonical\" href=\"https:\/\/www.fancybynature.com\/en\/agb\/\" \/>\n<meta property=\"og:locale\" content=\"en_US\" \/>\n<meta property=\"og:type\" content=\"article\" \/>\n<meta property=\"og:title\" content=\"AGB - Fancy By Nature - 1st Fermented Fruit Snack\" \/>\n<meta property=\"og:description\" content=\"Allgemeine Gesch\u00e4ftsbedingungen und Kundeninformationen I. Allgemeine Gesch\u00e4ftsbedingungen\u00a7 1 Grundlegende Bestimmungen(1) Die nachstehenden Gesch\u00e4ftsbedingungen gelten f\u00fcr Vertr\u00e4ge, die Sie mit uns als Anbieter (Fancy by Nature GmbH) \u00fcber die Internetseite www.fancybynature.com schlie\u00dfen. Soweit nicht anders vereinbart, wird der Einbeziehung gegebenenfalls von Ihnen verwendeter eigener Bedingungen widersprochen.(2) Verbraucher im Sinne der nachstehenden Regelungen ist jede nat\u00fcrliche Person, [&hellip;]\" \/>\n<meta property=\"og:url\" content=\"https:\/\/www.fancybynature.com\/en\/agb\/\" \/>\n<meta property=\"og:site_name\" content=\"Fancy By Nature - 1st Fermented Fruit Snack\" \/>\n<meta property=\"article:modified_time\" content=\"2026-02-17T07:46:54+00:00\" \/>\n<meta name=\"twitter:card\" content=\"summary_large_image\" \/>\n<meta name=\"twitter:label1\" content=\"Est. reading time\" \/>\n\t<meta name=\"twitter:data1\" content=\"7 minutes\" \/>\n<script type=\"application\/ld+json\" class=\"yoast-schema-graph\">{\"@context\":\"https:\\\/\\\/schema.org\",\"@graph\":[{\"@type\":\"WebPage\",\"@id\":\"https:\\\/\\\/www.fancybynature.com\\\/agb\\\/\",\"url\":\"https:\\\/\\\/www.fancybynature.com\\\/agb\\\/\",\"name\":\"AGB - Fancy By Nature - 1st Fermented Fruit Snack\",\"isPartOf\":{\"@id\":\"https:\\\/\\\/www.fancybynature.com\\\/#website\"},\"datePublished\":\"2023-11-28T13:13:44+00:00\",\"dateModified\":\"2026-02-17T07:46:54+00:00\",\"breadcrumb\":{\"@id\":\"https:\\\/\\\/www.fancybynature.com\\\/agb\\\/#breadcrumb\"},\"inLanguage\":\"en-US\",\"potentialAction\":[{\"@type\":\"ReadAction\",\"target\":[\"https:\\\/\\\/www.fancybynature.com\\\/agb\\\/\"]}]},{\"@type\":\"BreadcrumbList\",\"@id\":\"https:\\\/\\\/www.fancybynature.com\\\/agb\\\/#breadcrumb\",\"itemListElement\":[{\"@type\":\"ListItem\",\"position\":1,\"name\":\"Home\",\"item\":\"https:\\\/\\\/www.fancybynature.com\\\/\"},{\"@type\":\"ListItem\",\"position\":2,\"name\":\"AGB\"}]},{\"@type\":\"WebSite\",\"@id\":\"https:\\\/\\\/www.fancybynature.com\\\/#website\",\"url\":\"https:\\\/\\\/www.fancybynature.com\\\/\",\"name\":\"Fancy By Nature - 1st Fermented Fruit Snack\",\"description\":\"\",\"publisher\":{\"@id\":\"https:\\\/\\\/www.fancybynature.com\\\/#organization\"},\"potentialAction\":[{\"@type\":\"SearchAction\",\"target\":{\"@type\":\"EntryPoint\",\"urlTemplate\":\"https:\\\/\\\/www.fancybynature.com\\\/?s={search_term_string}\"},\"query-input\":{\"@type\":\"PropertyValueSpecification\",\"valueRequired\":true,\"valueName\":\"search_term_string\"}}],\"inLanguage\":\"en-US\"},{\"@type\":\"Organization\",\"@id\":\"https:\\\/\\\/www.fancybynature.com\\\/#organization\",\"name\":\"Fancy By Nature GmbH\",\"url\":\"https:\\\/\\\/www.fancybynature.com\\\/\",\"logo\":{\"@type\":\"ImageObject\",\"inLanguage\":\"en-US\",\"@id\":\"https:\\\/\\\/www.fancybynature.com\\\/#\\\/schema\\\/logo\\\/image\\\/\",\"url\":\"https:\\\/\\\/www.fancybynature.com\\\/wp-content\\\/uploads\\\/2024\\\/03\\\/logo-yellow-lg.png\",\"contentUrl\":\"https:\\\/\\\/www.fancybynature.com\\\/wp-content\\\/uploads\\\/2024\\\/03\\\/logo-yellow-lg.png\",\"width\":353,\"height\":188,\"caption\":\"Fancy By Nature GmbH\"},\"image\":{\"@id\":\"https:\\\/\\\/www.fancybynature.com\\\/#\\\/schema\\\/logo\\\/image\\\/\"}}]}<\/script>\n<!-- \/ Yoast SEO plugin. -->","yoast_head_json":{"title":"AGB - Fancy By Nature - 1st Fermented Fruit Snack","robots":{"index":"index","follow":"follow","max-snippet":"max-snippet:-1","max-image-preview":"max-image-preview:large","max-video-preview":"max-video-preview:-1"},"canonical":"https:\/\/www.fancybynature.com\/en\/agb\/","og_locale":"en_US","og_type":"article","og_title":"AGB - Fancy By Nature - 1st Fermented Fruit Snack","og_description":"Allgemeine Gesch\u00e4ftsbedingungen und Kundeninformationen I. Allgemeine Gesch\u00e4ftsbedingungen\u00a7 1 Grundlegende Bestimmungen(1) Die nachstehenden Gesch\u00e4ftsbedingungen gelten f\u00fcr Vertr\u00e4ge, die Sie mit uns als Anbieter (Fancy by Nature GmbH) \u00fcber die Internetseite www.fancybynature.com schlie\u00dfen. Soweit nicht anders vereinbart, wird der Einbeziehung gegebenenfalls von Ihnen verwendeter eigener Bedingungen widersprochen.(2) Verbraucher im Sinne der nachstehenden Regelungen ist jede nat\u00fcrliche Person, [&hellip;]","og_url":"https:\/\/www.fancybynature.com\/en\/agb\/","og_site_name":"Fancy By Nature - 1st Fermented Fruit Snack","article_modified_time":"2026-02-17T07:46:54+00:00","twitter_card":"summary_large_image","twitter_misc":{"Est. reading time":"7 minutes"},"schema":{"@context":"https:\/\/schema.org","@graph":[{"@type":"WebPage","@id":"https:\/\/www.fancybynature.com\/agb\/","url":"https:\/\/www.fancybynature.com\/agb\/","name":"AGB - Fancy By Nature - 1st Fermented Fruit Snack","isPartOf":{"@id":"https:\/\/www.fancybynature.com\/#website"},"datePublished":"2023-11-28T13:13:44+00:00","dateModified":"2026-02-17T07:46:54+00:00","breadcrumb":{"@id":"https:\/\/www.fancybynature.com\/agb\/#breadcrumb"},"inLanguage":"en-US","potentialAction":[{"@type":"ReadAction","target":["https:\/\/www.fancybynature.com\/agb\/"]}]},{"@type":"BreadcrumbList","@id":"https:\/\/www.fancybynature.com\/agb\/#breadcrumb","itemListElement":[{"@type":"ListItem","position":1,"name":"Home","item":"https:\/\/www.fancybynature.com\/"},{"@type":"ListItem","position":2,"name":"AGB"}]},{"@type":"WebSite","@id":"https:\/\/www.fancybynature.com\/#website","url":"https:\/\/www.fancybynature.com\/","name":"Fancy By Nature - 1st Fermented Fruit Snack","description":"","publisher":{"@id":"https:\/\/www.fancybynature.com\/#organization"},"potentialAction":[{"@type":"SearchAction","target":{"@type":"EntryPoint","urlTemplate":"https:\/\/www.fancybynature.com\/?s={search_term_string}"},"query-input":{"@type":"PropertyValueSpecification","valueRequired":true,"valueName":"search_term_string"}}],"inLanguage":"en-US"},{"@type":"Organization","@id":"https:\/\/www.fancybynature.com\/#organization","name":"Fancy By Nature GmbH","url":"https:\/\/www.fancybynature.com\/","logo":{"@type":"ImageObject","inLanguage":"en-US","@id":"https:\/\/www.fancybynature.com\/#\/schema\/logo\/image\/","url":"https:\/\/www.fancybynature.com\/wp-content\/uploads\/2024\/03\/logo-yellow-lg.png","contentUrl":"https:\/\/www.fancybynature.com\/wp-content\/uploads\/2024\/03\/logo-yellow-lg.png","width":353,"height":188,"caption":"Fancy By Nature GmbH"},"image":{"@id":"https:\/\/www.fancybynature.com\/#\/schema\/logo\/image\/"}}]}},"_links":{"self":[{"href":"https:\/\/www.fancybynature.com\/en\/wp-json\/wp\/v2\/pages\/55","targetHints":{"allow":["GET"]}}],"collection":[{"href":"https:\/\/www.fancybynature.com\/en\/wp-json\/wp\/v2\/pages"}],"about":[{"href":"https:\/\/www.fancybynature.com\/en\/wp-json\/wp\/v2\/types\/page"}],"author":[{"embeddable":true,"href":"https:\/\/www.fancybynature.com\/en\/wp-json\/wp\/v2\/users\/2"}],"replies":[{"embeddable":true,"href":"https:\/\/www.fancybynature.com\/en\/wp-json\/wp\/v2\/comments?post=55"}],"version-history":[{"count":17,"href":"https:\/\/www.fancybynature.com\/en\/wp-json\/wp\/v2\/pages\/55\/revisions"}],"predecessor-version":[{"id":681,"href":"https:\/\/www.fancybynature.com\/en\/wp-json\/wp\/v2\/pages\/55\/revisions\/681"}],"wp:attachment":[{"href":"https:\/\/www.fancybynature.com\/en\/wp-json\/wp\/v2\/media?parent=55"}],"curies":[{"name":"wp","href":"https:\/\/api.w.org\/{rel}","templated":true}]}}